{"id":4194,"date":"2025-06-08T14:46:15","date_gmt":"2025-06-08T11:46:15","guid":{"rendered":"https:\/\/5sails.ee\/?post_type=product&#038;p=4194"},"modified":"2025-06-20T04:13:18","modified_gmt":"2025-06-20T01:13:18","slug":"paikeseloojang1","status":"publish","type":"product","link":"https:\/\/5sails.ee\/en\/product\/paikeseloojang1\/","title":{"rendered":"P\u00e4ikeseloojangukruiis &amp; Biidid, 13.06.2025 kl 21-23"},"content":{"rendered":"<p data-start=\"645\" data-end=\"865\"><strong data-start=\"649\" data-end=\"692\">Tule kahetunnisele p\u00e4ikeseloojangu meres\u00f5idule<\/strong> meie purjejahi v\u00f5i katamaraaniga, et nautida seda unikaalset visuaalset ja helielamust otse Tallinna lahelt.<br data-start=\"802\" data-end=\"805\" \/>Laine loksub, linn helendab, muusika m\u00e4ngib \u2013 sina naudid.<\/p>\n<p data-start=\"867\" data-end=\"1069\">\ud83d\udccdV\u00e4ljumine ja saabumine: <strong data-start=\"893\" data-end=\"918\">Noblessneri jahisadam<br data-start=\"939\" data-end=\"942\" \/>\ud83d\udcc5 <\/strong>Toimumisaeg:\u00a0<strong data-start=\"893\" data-end=\"918\">13.06.2025 kl 21:00-23:00<\/strong><br data-start=\"939\" data-end=\"942\" \/>\ud83c\udf9f\ufe0f M\u00fc\u00fcme <strong data-start=\"952\" data-end=\"969\">\u00fcksikpileteid<\/strong>, kohtade arv piiratud!<br data-start=\"992\" data-end=\"995\" \/>\ud83d\udc83 Ideaalne viis alustada n\u00e4dalavahetust v\u00f5i l\u00f5petada p\u00e4ev unustamatult.<\/p>\n<p data-start=\"1201\" data-end=\"1306\">\ud83d\udc49 Broneeri oma koht n\u00fc\u00fcd \u2013 see \u00f5htu on vaid korra!<\/p>\n<p data-start=\"1201\" data-end=\"1306\">Makselink ja kinnituskiri saadetakse 24 tunni jooksul p\u00e4rast tellimuse esitamist.<\/p>\n<p data-start=\"1071\" data-end=\"1199\">\u26a0\ufe0f <em data-start=\"1074\" data-end=\"1199\">Tegemist ei ole koost\u00f6\u00f6ga \u00fcrituse korraldajatega \u2013 meie meres\u00f5idud on iseseisev viis nautida Tallinna suve teise nurga alt.<\/em><\/p>\n","protected":false},"excerpt":{"rendered":"<h6 class=\"ai-optimize-21 ai-optimize-introduction\" style=\"text-align: left\">Tallinna suvi. Tants. Meri. Valgus.<br data-start=\"307\" data-end=\"310\" \/>\u00dcks k\u00f5ige maagilisemaid \u00f5htuid kogu suvest on tulekul \u2013 ja sina saad selle kogeda erilise nurga alt: otse merelt!<\/h6>\n<p class=\"ai-optimize-22\" style=\"text-align: left\">Sel juunikuul muutub Linnahalli \u00fcmbrus Linnaruumifestivali raames elavaks muusika- ja valgusmaailmaks. Elektronmuusika, laserid, inimesed, linn ja meri \u2013 k\u00f5ik see saab \u00fcheks. Aga meie teeme sammu veel edasi.<\/p>\n<p style=\"text-align: left\">\n","protected":false},"featured_media":3744,"comment_status":"closed","ping_status":"closed","template":"","meta":[],"product_brand":[149,150],"product_cat":[99,148],"product_tag":[151],"class_list":{"0":"post-4194","1":"product","2":"type-product","3":"status-publish","4":"has-post-thumbnail","6":"product_brand-5sails","7":"product_brand-wild-cat","8":"product_cat-kinkekaardid","9":"product_cat-uritused","10":"product_tag-grupisoidud","12":"first","13":"instock","14":"featured","15":"virtual","16":"purchasable","17":"product-type-simple"},"yoast_head":"<!-- This site is optimized with the Yoast SEO Premium plugin v26.6 (Yoast SEO v27.3) - https:\/\/yoast.com\/product\/yoast-seo-premium-wordpress\/ -->\n<title>P\u00e4ikeseloojangukruiis &amp; Biidid, 13.06.2025 kl 21-23 - 5sails<\/title>\n<meta name=\"description\" content=\"Kahetunnine meres\u00f5it purjejahi v\u00f5i katamaraaniga Tallinna lahel. V\u00e4ljumine Noblessnerist.\" \/>\n<meta name=\"robots\" content=\"index, follow, max-snippet:-1, max-image-preview:large, max-video-preview:-1\" \/>\n<link rel=\"canonical\" href=\"https:\/\/5sails.ee\/en\/product\/paikeseloojang1\/\" \/>\n<meta property=\"og:locale\" content=\"en_US\" \/>\n<meta property=\"og:type\" content=\"article\" \/>\n<meta property=\"og:title\" content=\"P\u00e4ikeseloojangukruiis &amp; Biidid, 13.06.2025 kl 21-23\" \/>\n<meta property=\"og:description\" content=\"Kahetunnine meres\u00f5it purjejahi v\u00f5i katamaraaniga Tallinna lahel. V\u00e4ljumine Noblessnerist.\" \/>\n<meta property=\"og:url\" content=\"https:\/\/5sails.ee\/en\/product\/paikeseloojang1\/\" \/>\n<meta property=\"og:site_name\" content=\"5sails\" \/>\n<meta property=\"article:publisher\" content=\"https:\/\/www.facebook.com\/5sails\" \/>\n<meta property=\"article:modified_time\" content=\"2025-06-20T01:13:18+00:00\" \/>\n<meta property=\"og:image\" content=\"https:\/\/5sails.ee\/wp-content\/uploads\/2025\/05\/5sails_fleet_catamaran_sailboat.jpeg\" \/>\n\t<meta property=\"og:image:width\" content=\"1280\" \/>\n\t<meta property=\"og:image:height\" content=\"853\" \/>\n\t<meta property=\"og:image:type\" content=\"image\/jpeg\" \/>\n<meta name=\"twitter:card\" content=\"summary_large_image\" \/>\n<meta name=\"twitter:site\" content=\"@5sails\" \/>\n<meta name=\"twitter:label1\" content=\"Est. reading time\" \/>\n\t<meta name=\"twitter:data1\" content=\"1 minute\" \/>\n<script type=\"application\/ld+json\" class=\"yoast-schema-graph\">{\"@context\":\"https:\\\/\\\/schema.org\",\"@graph\":[{\"@type\":\"WebPage\",\"@id\":\"https:\\\/\\\/5sails.ee\\\/en\\\/product\\\/paikeseloojang1\\\/\",\"url\":\"https:\\\/\\\/5sails.ee\\\/en\\\/product\\\/paikeseloojang1\\\/\",\"name\":\"P\u00e4ikeseloojangukruiis &amp; Biidid, 13.06.2025 kl 21-23 - 5sails\",\"isPartOf\":{\"@id\":\"https:\\\/\\\/5sails.ee\\\/en\\\/#website\"},\"primaryImageOfPage\":{\"@id\":\"https:\\\/\\\/5sails.ee\\\/en\\\/product\\\/paikeseloojang1\\\/#primaryimage\"},\"image\":{\"@id\":\"https:\\\/\\\/5sails.ee\\\/en\\\/product\\\/paikeseloojang1\\\/#primaryimage\"},\"thumbnailUrl\":\"https:\\\/\\\/5sails.ee\\\/wp-content\\\/uploads\\\/2025\\\/05\\\/5sails_fleet_catamaran_sailboat.jpeg\",\"datePublished\":\"2025-06-08T11:46:15+00:00\",\"dateModified\":\"2025-06-20T01:13:18+00:00\",\"description\":\"Kahetunnine meres\u00f5it purjejahi v\u00f5i katamaraaniga Tallinna lahel. V\u00e4ljumine Noblessnerist.\",\"breadcrumb\":{\"@id\":\"https:\\\/\\\/5sails.ee\\\/en\\\/product\\\/paikeseloojang1\\\/#breadcrumb\"},\"inLanguage\":\"en-US\",\"potentialAction\":[{\"@type\":\"ReadAction\",\"target\":[\"https:\\\/\\\/5sails.ee\\\/en\\\/product\\\/paikeseloojang1\\\/\"]}]},{\"@type\":\"ImageObject\",\"inLanguage\":\"en-US\",\"@id\":\"https:\\\/\\\/5sails.ee\\\/en\\\/product\\\/paikeseloojang1\\\/#primaryimage\",\"url\":\"https:\\\/\\\/5sails.ee\\\/wp-content\\\/uploads\\\/2025\\\/05\\\/5sails_fleet_catamaran_sailboat.jpeg\",\"contentUrl\":\"https:\\\/\\\/5sails.ee\\\/wp-content\\\/uploads\\\/2025\\\/05\\\/5sails_fleet_catamaran_sailboat.jpeg\",\"width\":1280,\"height\":853,\"caption\":\"Jahirent, purjetamine Tallinna lahel\"},{\"@type\":\"BreadcrumbList\",\"@id\":\"https:\\\/\\\/5sails.ee\\\/en\\\/product\\\/paikeseloojang1\\\/#breadcrumb\",\"itemListElement\":[{\"@type\":\"ListItem\",\"position\":1,\"name\":\"Homepage\",\"item\":\"https:\\\/\\\/5sails.ee\\\/en\\\/\"},{\"@type\":\"ListItem\",\"position\":2,\"name\":\"Shop\",\"item\":\"https:\\\/\\\/5sails.ee\\\/en\\\/shop-at\\\/\"},{\"@type\":\"ListItem\",\"position\":3,\"name\":\"P\u00e4ikeseloojangukruiis &amp; Biidid, 13.06.2025 kl 21-23\"}]},{\"@type\":\"WebSite\",\"@id\":\"https:\\\/\\\/5sails.ee\\\/en\\\/#website\",\"url\":\"https:\\\/\\\/5sails.ee\\\/en\\\/\",\"name\":\"5sails\",\"description\":\"Jahtide ja katamaraanide rent. Purjetamine Tallinna lahel ja saartele.\",\"publisher\":{\"@id\":\"https:\\\/\\\/5sails.ee\\\/en\\\/#organization\"},\"potentialAction\":[{\"@type\":\"SearchAction\",\"target\":{\"@type\":\"EntryPoint\",\"urlTemplate\":\"https:\\\/\\\/5sails.ee\\\/en\\\/?s={search_term_string}\"},\"query-input\":{\"@type\":\"PropertyValueSpecification\",\"valueRequired\":true,\"valueName\":\"search_term_string\"}}],\"inLanguage\":\"en-US\"},{\"@type\":\"Organization\",\"@id\":\"https:\\\/\\\/5sails.ee\\\/en\\\/#organization\",\"name\":\"5sails\",\"url\":\"https:\\\/\\\/5sails.ee\\\/en\\\/\",\"logo\":{\"@type\":\"ImageObject\",\"inLanguage\":\"en-US\",\"@id\":\"https:\\\/\\\/5sails.ee\\\/en\\\/#\\\/schema\\\/logo\\\/image\\\/\",\"url\":\"https:\\\/\\\/5sails.ee\\\/wp-content\\\/uploads\\\/2025\\\/01\\\/logo_new_horizontal_160_55.png\",\"contentUrl\":\"https:\\\/\\\/5sails.ee\\\/wp-content\\\/uploads\\\/2025\\\/01\\\/logo_new_horizontal_160_55.png\",\"width\":160,\"height\":55,\"caption\":\"5sails\"},\"image\":{\"@id\":\"https:\\\/\\\/5sails.ee\\\/en\\\/#\\\/schema\\\/logo\\\/image\\\/\"},\"sameAs\":[\"https:\\\/\\\/www.facebook.com\\\/5sails\",\"https:\\\/\\\/x.com\\\/5sails\"]}]}<\/script>\n<!-- \/ Yoast SEO Premium plugin. -->","yoast_head_json":{"title":"P\u00e4ikeseloojangukruiis &amp; Biidid, 13.06.2025 kl 21-23 - 5sails","description":"Kahetunnine meres\u00f5it purjejahi v\u00f5i katamaraaniga Tallinna lahel. V\u00e4ljumine Noblessnerist.","robots":{"index":"index","follow":"follow","max-snippet":"max-snippet:-1","max-image-preview":"max-image-preview:large","max-video-preview":"max-video-preview:-1"},"canonical":"https:\/\/5sails.ee\/en\/product\/paikeseloojang1\/","og_locale":"en_US","og_type":"article","og_title":"P\u00e4ikeseloojangukruiis &amp; Biidid, 13.06.2025 kl 21-23","og_description":"Kahetunnine meres\u00f5it purjejahi v\u00f5i katamaraaniga Tallinna lahel. V\u00e4ljumine Noblessnerist.","og_url":"https:\/\/5sails.ee\/en\/product\/paikeseloojang1\/","og_site_name":"5sails","article_publisher":"https:\/\/www.facebook.com\/5sails","article_modified_time":"2025-06-20T01:13:18+00:00","og_image":[{"width":1280,"height":853,"url":"https:\/\/5sails.ee\/wp-content\/uploads\/2025\/05\/5sails_fleet_catamaran_sailboat.jpeg","type":"image\/jpeg"}],"twitter_card":"summary_large_image","twitter_site":"@5sails","twitter_misc":{"Est. reading time":"1 minute"},"schema":{"@context":"https:\/\/schema.org","@graph":[{"@type":"WebPage","@id":"https:\/\/5sails.ee\/en\/product\/paikeseloojang1\/","url":"https:\/\/5sails.ee\/en\/product\/paikeseloojang1\/","name":"P\u00e4ikeseloojangukruiis &amp; Biidid, 13.06.2025 kl 21-23 - 5sails","isPartOf":{"@id":"https:\/\/5sails.ee\/en\/#website"},"primaryImageOfPage":{"@id":"https:\/\/5sails.ee\/en\/product\/paikeseloojang1\/#primaryimage"},"image":{"@id":"https:\/\/5sails.ee\/en\/product\/paikeseloojang1\/#primaryimage"},"thumbnailUrl":"https:\/\/5sails.ee\/wp-content\/uploads\/2025\/05\/5sails_fleet_catamaran_sailboat.jpeg","datePublished":"2025-06-08T11:46:15+00:00","dateModified":"2025-06-20T01:13:18+00:00","description":"Kahetunnine meres\u00f5it purjejahi v\u00f5i katamaraaniga Tallinna lahel. V\u00e4ljumine Noblessnerist.","breadcrumb":{"@id":"https:\/\/5sails.ee\/en\/product\/paikeseloojang1\/#breadcrumb"},"inLanguage":"en-US","potentialAction":[{"@type":"ReadAction","target":["https:\/\/5sails.ee\/en\/product\/paikeseloojang1\/"]}]},{"@type":"ImageObject","inLanguage":"en-US","@id":"https:\/\/5sails.ee\/en\/product\/paikeseloojang1\/#primaryimage","url":"https:\/\/5sails.ee\/wp-content\/uploads\/2025\/05\/5sails_fleet_catamaran_sailboat.jpeg","contentUrl":"https:\/\/5sails.ee\/wp-content\/uploads\/2025\/05\/5sails_fleet_catamaran_sailboat.jpeg","width":1280,"height":853,"caption":"Jahirent, purjetamine Tallinna lahel"},{"@type":"BreadcrumbList","@id":"https:\/\/5sails.ee\/en\/product\/paikeseloojang1\/#breadcrumb","itemListElement":[{"@type":"ListItem","position":1,"name":"Homepage","item":"https:\/\/5sails.ee\/en\/"},{"@type":"ListItem","position":2,"name":"Shop","item":"https:\/\/5sails.ee\/en\/shop-at\/"},{"@type":"ListItem","position":3,"name":"P\u00e4ikeseloojangukruiis &amp; Biidid, 13.06.2025 kl 21-23"}]},{"@type":"WebSite","@id":"https:\/\/5sails.ee\/en\/#website","url":"https:\/\/5sails.ee\/en\/","name":"5sails","description":"Jahtide ja katamaraanide rent. Purjetamine Tallinna lahel ja saartele.","publisher":{"@id":"https:\/\/5sails.ee\/en\/#organization"},"potentialAction":[{"@type":"SearchAction","target":{"@type":"EntryPoint","urlTemplate":"https:\/\/5sails.ee\/en\/?s={search_term_string}"},"query-input":{"@type":"PropertyValueSpecification","valueRequired":true,"valueName":"search_term_string"}}],"inLanguage":"en-US"},{"@type":"Organization","@id":"https:\/\/5sails.ee\/en\/#organization","name":"5sails","url":"https:\/\/5sails.ee\/en\/","logo":{"@type":"ImageObject","inLanguage":"en-US","@id":"https:\/\/5sails.ee\/en\/#\/schema\/logo\/image\/","url":"https:\/\/5sails.ee\/wp-content\/uploads\/2025\/01\/logo_new_horizontal_160_55.png","contentUrl":"https:\/\/5sails.ee\/wp-content\/uploads\/2025\/01\/logo_new_horizontal_160_55.png","width":160,"height":55,"caption":"5sails"},"image":{"@id":"https:\/\/5sails.ee\/en\/#\/schema\/logo\/image\/"},"sameAs":["https:\/\/www.facebook.com\/5sails","https:\/\/x.com\/5sails"]}]}},"_links":{"self":[{"href":"https:\/\/5sails.ee\/en\/wp-json\/wp\/v2\/product\/4194","targetHints":{"allow":["GET"]}}],"collection":[{"href":"https:\/\/5sails.ee\/en\/wp-json\/wp\/v2\/product"}],"about":[{"href":"https:\/\/5sails.ee\/en\/wp-json\/wp\/v2\/types\/product"}],"replies":[{"embeddable":true,"href":"https:\/\/5sails.ee\/en\/wp-json\/wp\/v2\/comments?post=4194"}],"wp:featuredmedia":[{"embeddable":true,"href":"https:\/\/5sails.ee\/en\/wp-json\/wp\/v2\/media\/3744"}],"wp:attachment":[{"href":"https:\/\/5sails.ee\/en\/wp-json\/wp\/v2\/media?parent=4194"}],"wp:term":[{"taxonomy":"product_brand","embeddable":true,"href":"https:\/\/5sails.ee\/en\/wp-json\/wp\/v2\/product_brand?post=4194"},{"taxonomy":"product_cat","embeddable":true,"href":"https:\/\/5sails.ee\/en\/wp-json\/wp\/v2\/product_cat?post=4194"},{"taxonomy":"product_tag","embeddable":true,"href":"https:\/\/5sails.ee\/en\/wp-json\/wp\/v2\/product_tag?post=4194"}],"curies":[{"name":"wp","href":"https:\/\/api.w.org\/{rel}","templated":true}]}}